{"id":40,"date":"2018-06-14T20:01:38","date_gmt":"2018-06-14T20:01:38","guid":{"rendered":"http:\/\/europeanpolitics.next-step.space\/?page_id=40"},"modified":"2024-05-12T17:00:19","modified_gmt":"2024-05-12T17:00:19","slug":"impressum","status":"publish","type":"page","link":"https:\/\/europeanpolitics.next-step.space\/?page_id=40","title":{"rendered":"Impressum"},"content":{"rendered":"<p><strong>Impressum<\/strong><\/p>\n<p>Impressum von:<\/p>\n<p><strong>Dom\u00e4ne Inhaber und\u00a0 Webmaster:<\/strong><\/p>\n<p>admin@europeanpolitics.next-step.space<strong><br \/>\n<\/strong><\/p>\n<p>Inhaltlich Verantwortlicher im Sinne von \u00a7 55 Abs. 2 Rundfunkstaatsvertrag<br \/>\n(RStV): Alexandre Jacquot, Gesch\u00e4ftsf\u00fchrer\/ Inhaber<\/p>\n<p>Email: webmaster@mail.europeanpolitics.next-step.space<\/p>\n<p><strong>Haftungsausschluss<\/strong><strong><br \/>\n1. Inhalt des Onlineangebotes<br \/>\n<\/strong>Der Autor \u00fcbernimmt keinerlei Gew\u00e4hr f\u00fcr die Aktualit\u00e4t, Korrektheit, Vollst\u00e4ndigkeit oder Qualit\u00e4t der bereitgestellten Informationen. Haftungsanspr\u00fcche gegen der Autor, welche sich auf Sch\u00e4den materieller oder ideeller Art beziehen, die durch die Nutzung oder Nichtnutzung der dargebotenen Informationen bzw. durch die Nutzung fehlerhafter und unvollst\u00e4ndiger Informationen verursacht wurden, sind grunds\u00e4tzlich ausgeschlossen, sofern seitens der Autorin kein nachweislich vors\u00e4tzliches oder grob fahrl\u00e4ssiges Verschulden vorliegt.<br \/>\nAlle Angebote sind freibleibend und unverbindlich. Die Autorin beh\u00e4lt es sich ausdr\u00fccklich vor, Teile der Seiten oder das gesamte Angebot ohne gesonderte Ank\u00fcndigung zu ver\u00e4ndern, zu erg\u00e4nzen, zu l\u00f6schen oder die Ver\u00f6ffentlichung zeitweise oder endg\u00fcltig einzustellen.<\/p>\n<p><strong> 2. Urheber- und Kennzeichenrecht<\/strong><strong><br \/>\n<\/strong>Das Copyright f\u00fcr ver\u00f6ffentlichte, von der Autorin selbst erstellte Objekte, Graphiken, Tondokumente, Photos, Bilder Texte bleibt allein bei der Autorin.<\/p>\n<p>Eine Vervielf\u00e4ltigung oder Verwendung solcher Grafiken, Tondokumente, Photos, Bilder, Videosequenzen und Texte in anderen elektronischen oder gedruckten Publikationen ist ohne ausdr\u00fcckliche Zustimmung des Autors nicht gestattet.<\/p>\n<p><strong>3. Datenschutzerkl\u00e4rung<\/strong><\/p>\n<p><strong>4. Rechtswirksamkeit dieses Haftungsausschlusses<\/strong><\/p>\n<p>Dieser Haftungsausschluss ist als Teil des Internetangebotes zu betrachten, von dem aus, auf diese Seite verwiesen wurde. Sofern Teile oder einzelne Formulierungen dieses Textes der geltenden Rechtslage nicht, nicht mehr oder nicht vollst\u00e4ndig entsprechen sollten, bleiben die \u00fcbrigen Teile des Dokumentes in ihrem Inhalt und ihrer G\u00fcltigkeit davon unber\u00fchrt.<br \/>\nInternetseite:\u00a0 www.europeanpoliticsgroup.org<br \/>\ngem\u00e4\u00df Disclaimer.<\/p>\n","protected":false},"excerpt":{"rendered":"<p>Impressum Impressum von: Dom\u00e4ne Inhaber und\u00a0 Webmaster: admin@europeanpolitics.next-step.space Inhaltlich Verantwortlicher im Sinne von \u00a7 55 Abs. 2 Rundfunkstaatsvertrag (RStV): Alexandre Jacquot, Gesch\u00e4ftsf\u00fchrer\/ Inhaber Email: webmaster@mail.europeanpolitics.next-step.space Haftungsausschluss 1. Inhalt des Onlineangebotes Der Autor \u00fcbernimmt keinerlei Gew\u00e4hr f\u00fcr die Aktualit\u00e4t, Korrektheit, Vollst\u00e4ndigkeit oder Qualit\u00e4t der bereitgestellten Informationen. Haftungsanspr\u00fcche gegen der Autor, welche sich auf Sch\u00e4den materieller oder &hellip; <\/p>\n<p class=\"link-more\"><a href=\"https:\/\/europeanpolitics.next-step.space\/?page_id=40\" class=\"more-link\"><span class=\"screen-reader-text\">\u201eImpressum\u201c<\/span> weiterlesen<\/a><\/p>\n","protected":false},"author":1,"featured_media":0,"parent":0,"menu_order":0,"comment_status":"closed","ping_status":"closed","template":"","meta":{"footnotes":""},"class_list":["post-40","page","type-page","status-publish","hentry"],"_links":{"self":[{"href":"https:\/\/europeanpolitics.next-step.space\/index.php?rest_route=\/wp\/v2\/pages\/40","targetHints":{"allow":["GET"]}}],"collection":[{"href":"https:\/\/europeanpolitics.next-step.space\/index.php?rest_route=\/wp\/v2\/pages"}],"about":[{"href":"https:\/\/europeanpolitics.next-step.space\/index.php?rest_route=\/wp\/v2\/types\/page"}],"author":[{"embeddable":true,"href":"https:\/\/europeanpolitics.next-step.space\/index.php?rest_route=\/wp\/v2\/users\/1"}],"replies":[{"embeddable":true,"href":"https:\/\/europeanpolitics.next-step.space\/index.php?rest_route=%2Fwp%2Fv2%2Fcomments&post=40"}],"version-history":[{"count":5,"href":"https:\/\/europeanpolitics.next-step.space\/index.php?rest_route=\/wp\/v2\/pages\/40\/revisions"}],"predecessor-version":[{"id":198,"href":"https:\/\/europeanpolitics.next-step.space\/index.php?rest_route=\/wp\/v2\/pages\/40\/revisions\/198"}],"wp:attachment":[{"href":"https:\/\/europeanpolitics.next-step.space\/index.php?rest_route=%2Fwp%2Fv2%2Fmedia&parent=40"}],"curies":[{"name":"wp","href":"https:\/\/api.w.org\/{rel}","templated":true}]}}